{"id":1841,"date":"2024-08-13T17:52:58","date_gmt":"2024-08-13T17:52:58","guid":{"rendered":"https:\/\/thesustainability.network\/soluciones\/"},"modified":"2024-09-02T16:39:11","modified_gmt":"2024-09-02T16:39:11","slug":"soluciones","status":"publish","type":"page","link":"https:\/\/thesustainability.network\/es\/soluciones\/","title":{"rendered":"Soluciones"},"content":{"rendered":"<p>[av_section min_height=&#8217;25&#8217; min_height_pc=&#8217;25&#8217; min_height_px=&#8217;630px&#8217; shadow=&#8217;no-border-styling&#8217; bottom_border=&#8217;no-border-styling&#8217; bottom_border_diagonal_color=&#8217;#333333&#8242; bottom_border_diagonal_direction=\u00bb bottom_border_style=\u00bb padding=&#8217;default&#8217; custom_margin=&#8217;0px&#8217; custom_margin_sync=&#8217;true&#8217; av-desktop-custom_margin=\u00bb av-desktop-custom_margin_sync=&#8217;true&#8217; av-medium-custom_margin=\u00bb av-medium-custom_margin_sync=&#8217;true&#8217; av-small-custom_margin=\u00bb av-small-custom_margin_sync=&#8217;true&#8217; av-mini-custom_margin=\u00bb av-mini-custom_margin_sync=&#8217;true&#8217; svg_div_top=\u00bb svg_div_top_color=&#8217;#333333&#8242; svg_div_top_width=&#8217;100&#8242; svg_div_top_height=&#8217;50&#8217; svg_div_top_max_height=&#8217;none&#8217; svg_div_top_opacity=\u00bb svg_div_bottom=\u00bb svg_div_bottom_color=&#8217;#333333&#8242; svg_div_bottom_width=&#8217;100&#8242; svg_div_bottom_height=&#8217;50&#8217; svg_div_bottom_max_height=&#8217;none&#8217; svg_div_bottom_opacity=\u00bb fold_type=\u00bb fold_height=\u00bb fold_more=&#8217;Read more&#8217; fold_less=&#8217;Read less&#8217; fold_text_style=\u00bb fold_btn_align=\u00bb color=&#8217;main_color&#8217; background=&#8217;bg_color&#8217; custom_bg=\u00bb background_gradient_direction=&#8217;vertical&#8217; background_gradient_color1=&#8217;#000000&#8242; background_gradient_color2=&#8217;#ffffff&#8217; background_gradient_color3=\u00bb src=&#8217;https:\/\/thesustainability.network\/wp\/wp-content\/uploads\/2024\/08\/solutions-in-header.jpg&#8217; attachment=&#8217;979&#8242; attachment_size=&#8217;full&#8217; src_dynamic=\u00bb attach=&#8217;parallax&#8217; position=&#8217;center center&#8217; repeat=&#8217;stretch&#8217; video=\u00bb video_ratio=&#8217;16:9&#8242; overlay_enable=&#8217;aviaTBoverlay_enable&#8217; overlay_opacity=&#8217;0.6&#8242; overlay_color=&#8217;#137dc5&#8242; overlay_pattern=\u00bb overlay_custom_pattern=\u00bb custom_arrow_bg=\u00bb fold_overlay_color=\u00bb fold_text_color=\u00bb fold_btn_color=&#8217;theme-color&#8217; fold_btn_bg_color=\u00bb fold_btn_font_color=\u00bb size-btn-text=\u00bb av-desktop-font-size-btn-text=\u00bb av-medium-font-size-btn-text=\u00bb av-small-font-size-btn-text=\u00bb av-mini-font-size-btn-text=\u00bb fold_timer=\u00bb z_index_fold=\u00bb css_position_z_index=\u00bb av-desktop-css_position_z_index=\u00bb av-medium-css_position_z_index=\u00bb av-small-css_position_z_index=\u00bb av-mini-css_position_z_index=\u00bb id=\u00bb custom_class=\u00bb template_class=\u00bb aria_label=\u00bb av_element_hidden_in_editor=&#8217;0&#8242; av_uid=&#8217;av-cws5j&#8217; sc_version=&#8217;1.0&#8242;]<br \/>\n[av_one_fifth first av_uid=&#8217;av-3dqrzr&#8217;]<\/p>\n<p>[\/av_one_fifth][av_three_fifth min_height=\u00bb vertical_alignment=&#8217;av-align-top&#8217; space=\u00bb row_boxshadow_width=&#8217;10&#8217; row_boxshadow_color=\u00bb margin=&#8217;0px&#8217; margin_sync=&#8217;true&#8217; av-desktop-margin=\u00bb av-desktop-margin_sync=&#8217;true&#8217; av-medium-margin=\u00bb av-medium-margin_sync=&#8217;true&#8217; av-small-margin=\u00bb av-small-margin_sync=&#8217;true&#8217; av-mini-margin=\u00bb av-mini-margin_sync=&#8217;true&#8217; mobile_breaking=\u00bb mobile_column_order=\u00bb border=\u00bb border_style=&#8217;solid&#8217; border_color=\u00bb radius=\u00bb radius_sync=&#8217;true&#8217; min_col_height=\u00bb padding=\u00bb padding_sync=&#8217;true&#8217; av-desktop-padding=\u00bb av-desktop-padding_sync=&#8217;true&#8217; av-medium-padding=\u00bb av-medium-padding_sync=&#8217;true&#8217; av-small-padding=\u00bb av-small-padding_sync=&#8217;true&#8217; av-mini-padding=\u00bb av-mini-padding_sync=&#8217;true&#8217; svg_div_top=\u00bb svg_div_top_color=&#8217;#333333&#8242; svg_div_top_width=&#8217;100&#8242; svg_div_top_height=&#8217;50&#8217; svg_div_top_max_height=&#8217;none&#8217; svg_div_top_opacity=\u00bb svg_div_bottom=\u00bb svg_div_bottom_color=&#8217;#333333&#8242; svg_div_bottom_width=&#8217;100&#8242; svg_div_bottom_height=&#8217;50&#8217; svg_div_bottom_max_height=&#8217;none&#8217; svg_div_bottom_opacity=\u00bb fold_type=\u00bb fold_height=\u00bb fold_more=&#8217;Read more&#8217; fold_less=&#8217;Read less&#8217; fold_text_style=\u00bb fold_btn_align=\u00bb column_boxshadow_width=&#8217;10&#8217; column_boxshadow_color=\u00bb background=&#8217;bg_color&#8217; background_color=\u00bb background_gradient_direction=&#8217;vertical&#8217; background_gradient_color1=&#8217;#000000&#8242; background_gradient_color2=&#8217;#ffffff&#8217; background_gradient_color3=\u00bb src=\u00bb attachment=\u00bb attachment_size=\u00bb src_dynamic=\u00bb background_position=&#8217;top left&#8217; background_repeat=&#8217;no-repeat&#8217; highlight_size=&#8217;1.1&#8242; fold_overlay_color=\u00bb fold_text_color=\u00bb fold_btn_color=&#8217;theme-color&#8217; fold_btn_bg_color=\u00bb fold_btn_font_color=\u00bb size-btn-text=\u00bb av-desktop-font-size-btn-text=\u00bb av-medium-font-size-btn-text=\u00bb av-small-font-size-btn-text=\u00bb av-mini-font-size-btn-text=\u00bb animation=\u00bb animation_duration=\u00bb animation_custom_bg_color=\u00bb animation_z_index_curtain=&#8217;100&#8242; parallax_parallax=\u00bb parallax_parallax_speed=\u00bb av-desktop-parallax_parallax=\u00bb av-desktop-parallax_parallax_speed=\u00bb av-medium-parallax_parallax=\u00bb av-medium-parallax_parallax_speed=\u00bb av-small-parallax_parallax=\u00bb av-small-parallax_parallax_speed=\u00bb av-mini-parallax_parallax=\u00bb av-mini-parallax_parallax_speed=\u00bb fold_timer=\u00bb z_index_fold=\u00bb css_position=\u00bb css_position_location=&#8217;,,,&#8217; css_position_z_index=\u00bb av-desktop-css_position=\u00bb av-desktop-css_position_location=&#8217;,,,&#8217; av-desktop-css_position_z_index=\u00bb av-medium-css_position=\u00bb av-medium-css_position_location=&#8217;,,,&#8217; av-medium-css_position_z_index=\u00bb av-small-css_position=\u00bb av-small-css_position_location=&#8217;,,,&#8217; av-small-css_position_z_index=\u00bb av-mini-css_position=\u00bb av-mini-css_position_location=&#8217;,,,&#8217; av-mini-css_position_z_index=\u00bb link=\u00bb link_dynamic=\u00bb linktarget=\u00bb link_hover=\u00bb title_attr=\u00bb alt_attr=\u00bb mobile_display=\u00bb mobile_col_pos=&#8217;0&#8242; id=\u00bb custom_class=&#8217;shadowtsnheader&#8217; template_class=\u00bb aria_label=\u00bb av_uid=&#8217;av-37n64n&#8217; sc_version=&#8217;1.0&#8242;]<\/p>\n<p>[av_heading heading=&#8217;Soluciones&#8217; tag=&#8217;h1&#8242; style=&#8217;blockquote modern-quote modern-centered&#8217; subheading_active=\u00bb show_icon=\u00bb icon=&#8217;ue800&#8242; font=&#8217;entypo-fontello&#8217; size=\u00bb av-desktop-font-size-title=\u00bb av-medium-font-size-title=\u00bb av-small-font-size-title=\u00bb av-mini-font-size-title=\u00bb subheading_size=&#8217;15&#8217; av-desktop-font-size=\u00bb av-medium-font-size=\u00bb av-small-font-size=\u00bb av-mini-font-size=\u00bb icon_size=\u00bb av-desktop-font-size-1=\u00bb av-medium-font-size-1=\u00bb av-small-font-size-1=\u00bb av-mini-font-size-1=\u00bb color=&#8217;custom-color-heading&#8217; custom_font=&#8217;#ffffff&#8217; subheading_color=\u00bb seperator_color=\u00bb icon_color=\u00bb margin=\u00bb margin_sync=&#8217;true&#8217; av-desktop-margin=\u00bb av-desktop-margin_sync=&#8217;true&#8217; av-medium-margin=\u00bb av-medium-margin_sync=&#8217;true&#8217; av-small-margin=\u00bb av-small-margin_sync=&#8217;true&#8217; av-mini-margin=\u00bb av-mini-margin_sync=&#8217;true&#8217; headline_padding=\u00bb headline_padding_sync=&#8217;true&#8217; av-desktop-headline_padding=\u00bb av-desktop-headline_padding_sync=&#8217;true&#8217; av-medium-headline_padding=\u00bb av-medium-headline_padding_sync=&#8217;true&#8217; av-small-headline_padding=\u00bb av-small-headline_padding_sync=&#8217;true&#8217; av-mini-headline_padding=\u00bb av-mini-headline_padding_sync=&#8217;true&#8217; padding=&#8217;10&#8217; av-desktop-padding=\u00bb av-medium-padding=\u00bb av-small-padding=\u00bb av-mini-padding=\u00bb icon_padding=&#8217;10&#8217; av-desktop-icon_padding=\u00bb av-medium-icon_padding=\u00bb av-small-icon_padding=\u00bb av-mini-icon_padding=\u00bb link=\u00bb link_dynamic=\u00bb link_target=\u00bb title_attr=\u00bb id=\u00bb custom_class=\u00bb template_class=\u00bb av_uid=&#8217;av-lzsq0ifc&#8217; sc_version=&#8217;1.0&#8242; admin_preview_bg=\u00bb][\/av_heading]<\/p>\n<p>[\/av_three_fifth][av_one_fifth av_uid=&#8217;av-atef3&#8242;]<\/p>\n<p>[\/av_one_fifth]<br \/>\n[\/av_section]<\/p>\n<p>[av_section min_height=\u00bb min_height_pc=&#8217;25&#8217; min_height_px=&#8217;500px&#8217; shadow=&#8217;no-border-styling&#8217; bottom_border=&#8217;no-border-styling&#8217; bottom_border_diagonal_color=&#8217;#333333&#8242; bottom_border_diagonal_direction=\u00bb bottom_border_style=\u00bb padding=&#8217;default&#8217; custom_margin=&#8217;0px&#8217; custom_margin_sync=&#8217;true&#8217; av-desktop-custom_margin=\u00bb av-desktop-custom_margin_sync=&#8217;true&#8217; av-medium-custom_margin=\u00bb av-medium-custom_margin_sync=&#8217;true&#8217; av-small-custom_margin=\u00bb av-small-custom_margin_sync=&#8217;true&#8217; av-mini-custom_margin=\u00bb av-mini-custom_margin_sync=&#8217;true&#8217; svg_div_top=\u00bb svg_div_top_color=&#8217;#333333&#8242; svg_div_top_width=&#8217;100&#8242; svg_div_top_height=&#8217;50&#8217; svg_div_top_max_height=&#8217;none&#8217; svg_div_top_opacity=\u00bb svg_div_bottom=\u00bb svg_div_bottom_color=&#8217;#333333&#8242; svg_div_bottom_width=&#8217;100&#8242; svg_div_bottom_height=&#8217;50&#8217; svg_div_bottom_max_height=&#8217;none&#8217; svg_div_bottom_opacity=\u00bb fold_type=\u00bb fold_height=\u00bb fold_more=&#8217;Read more&#8217; fold_less=&#8217;Read less&#8217; fold_text_style=\u00bb fold_btn_align=\u00bb color=&#8217;main_color&#8217; background=&#8217;bg_color&#8217; custom_bg=\u00bb background_gradient_direction=&#8217;vertical&#8217; background_gradient_color1=&#8217;#000000&#8242; background_gradient_color2=&#8217;#ffffff&#8217; background_gradient_color3=\u00bb src=\u00bb attachment=\u00bb attachment_size=\u00bb src_dynamic=\u00bb attach=&#8217;scroll&#8217; position=&#8217;top left&#8217; repeat=&#8217;no-repeat&#8217; video=\u00bb video_ratio=&#8217;16:9&#8242; overlay_opacity=&#8217;0.5&#8242; overlay_color=\u00bb overlay_pattern=\u00bb overlay_custom_pattern=\u00bb custom_arrow_bg=\u00bb fold_overlay_color=\u00bb fold_text_color=\u00bb fold_btn_color=&#8217;theme-color&#8217; fold_btn_bg_color=\u00bb fold_btn_font_color=\u00bb size-btn-text=\u00bb av-desktop-font-size-btn-text=\u00bb av-medium-font-size-btn-text=\u00bb av-small-font-size-btn-text=\u00bb av-mini-font-size-btn-text=\u00bb fold_timer=\u00bb z_index_fold=\u00bb css_position_z_index=\u00bb av-desktop-css_position_z_index=\u00bb av-medium-css_position_z_index=\u00bb av-small-css_position_z_index=\u00bb av-mini-css_position_z_index=\u00bb id=\u00bb custom_class=\u00bb template_class=\u00bb aria_label=\u00bb av_element_hidden_in_editor=&#8217;0&#8242; av_uid=&#8217;av-2wuzlb&#8217; sc_version=&#8217;1.0&#8242;]<br \/>\n[av_one_fifth first av_uid=&#8217;av-2t3klb&#8217;]<\/p>\n<p>[\/av_one_fifth][av_three_fifth av_uid=&#8217;av-2lww3b&#8217;]<\/p>\n<p>[av_heading heading=&#8217;Paquetes para diferentes etapas de madurez ESG&#8217; tag=&#8217;h2&#8242; style=&#8217;blockquote modern-quote modern-centered&#8217; subheading_active=&#8217;subheading_below&#8217; show_icon=\u00bb icon=&#8217;ue800&#8242; font=&#8217;entypo-fontello&#8217; size=\u00bb av-desktop-font-size-title=\u00bb av-medium-font-size-title=\u00bb av-small-font-size-title=\u00bb av-mini-font-size-title=\u00bb subheading_size=&#8217;25&#8217; av-desktop-font-size=\u00bb av-medium-font-size=\u00bb av-small-font-size=\u00bb av-mini-font-size=\u00bb icon_size=\u00bb av-desktop-font-size-1=\u00bb av-medium-font-size-1=\u00bb av-small-font-size-1=\u00bb av-mini-font-size-1=\u00bb color=\u00bb custom_font=\u00bb subheading_color=\u00bb seperator_color=\u00bb icon_color=\u00bb margin=\u00bb margin_sync=&#8217;true&#8217; av-desktop-margin=\u00bb av-desktop-margin_sync=&#8217;true&#8217; av-medium-margin=\u00bb av-medium-margin_sync=&#8217;true&#8217; av-small-margin=\u00bb av-small-margin_sync=&#8217;true&#8217; av-mini-margin=\u00bb av-mini-margin_sync=&#8217;true&#8217; headline_padding=\u00bb headline_padding_sync=&#8217;true&#8217; av-desktop-headline_padding=\u00bb av-desktop-headline_padding_sync=&#8217;true&#8217; av-medium-headline_padding=\u00bb av-medium-headline_padding_sync=&#8217;true&#8217; av-small-headline_padding=\u00bb av-small-headline_padding_sync=&#8217;true&#8217; av-mini-headline_padding=\u00bb av-mini-headline_padding_sync=&#8217;true&#8217; padding=&#8217;10&#8217; av-desktop-padding=\u00bb av-medium-padding=\u00bb av-small-padding=\u00bb av-mini-padding=\u00bb icon_padding=&#8217;10&#8217; av-desktop-icon_padding=\u00bb av-medium-icon_padding=\u00bb av-small-icon_padding=\u00bb av-mini-icon_padding=\u00bb link=\u00bb link_dynamic=\u00bb link_target=\u00bb title_attr=\u00bb id=\u00bb custom_class=\u00bb template_class=\u00bb av_uid=&#8217;av-8r9fr&#8217; sc_version=&#8217;1.0&#8242; admin_preview_bg=\u00bb]<br \/>\nNuestra plataforma ofrece cuatro paquetes de suscripci\u00f3n a medida para adaptarse a las distintas necesidades de nuestros clientes en su viaje ESG.<br \/>\nCada paquete est\u00e1 cuidadosamente dise\u00f1ado para alinearse con tus objetivos espec\u00edficos y ayudarte a avanzar eficazmente en tus iniciativas ASG.<br \/>\n[\/av_heading]<\/p>\n<p>[\/av_three_fifth][av_one_fifth av_uid=&#8217;av-29n9xz&#8217;]<\/p>\n<p>[\/av_one_fifth][av_hr class=&#8217;custom&#8217; icon_select=&#8217;no&#8217; icon=&#8217;ue808&#8242; font=&#8217;entypo-fontello&#8217; position=&#8217;center&#8217; shadow=&#8217;no-shadow&#8217; height=&#8217;50&#8217; custom_border=&#8217;av-border-fat&#8217; custom_width=&#8217;50px&#8217; custom_margin_top=&#8217;20px&#8217; custom_margin_bottom=&#8217;20px&#8217; custom_border_color=&#8217;#0e548e&#8217; custom_icon_color=\u00bb id=\u00bb custom_class=\u00bb template_class=\u00bb av_uid=&#8217;av-23t3l3&#8242; sc_version=&#8217;1.0&#8242; admin_preview_bg=\u00bb]<br \/>\n[\/av_section]<\/p>\n<p>[av_custom_layout link=&#8217;page,1551&#8242; av_uid=&#8217;av-8qn2f&#8217; sc_version=&#8217;1.0&#8242;]<\/p>\n<p>[av_one_full first min_height=\u00bb vertical_alignment=&#8217;av-align-top&#8217; space=\u00bb row_boxshadow=\u00bb row_boxshadow_width=&#8217;10&#8217; row_boxshadow_color=\u00bb custom_margin=\u00bb margin=&#8217;0px&#8217; av-desktop-margin=\u00bb av-medium-margin=\u00bb av-small-margin=\u00bb av-mini-margin=\u00bb mobile_breaking=\u00bb mobile_column_order=\u00bb border=\u00bb border_style=&#8217;solid&#8217; border_color=\u00bb radius=\u00bb min_col_height=\u00bb padding=\u00bb av-desktop-padding=\u00bb av-medium-padding=\u00bb av-small-padding=\u00bb av-mini-padding=\u00bb svg_div_top=\u00bb svg_div_top_color=&#8217;#333333&#8242; svg_div_top_width=&#8217;100&#8242; svg_div_top_height=&#8217;50&#8217; svg_div_top_max_height=&#8217;none&#8217; svg_div_top_flip=\u00bb svg_div_top_invert=\u00bb svg_div_top_front=\u00bb svg_div_top_opacity=\u00bb svg_div_top_preview=\u00bb svg_div_bottom=\u00bb svg_div_bottom_color=&#8217;#333333&#8242; svg_div_bottom_width=&#8217;100&#8242; svg_div_bottom_height=&#8217;50&#8217; svg_div_bottom_max_height=&#8217;none&#8217; svg_div_bottom_flip=\u00bb svg_div_bottom_invert=\u00bb svg_div_bottom_front=\u00bb svg_div_bottom_opacity=\u00bb svg_div_bottom_preview=\u00bb fold_type=\u00bb fold_height=\u00bb fold_more=&#8217;Read more&#8217; fold_less=&#8217;Read less&#8217; fold_text_style=\u00bb fold_btn_align=\u00bb column_boxshadow=\u00bb column_boxshadow_width=&#8217;10&#8217; column_boxshadow_color=\u00bb background=&#8217;bg_color&#8217; background_color=\u00bb background_gradient_direction=&#8217;vertical&#8217; background_gradient_color1=&#8217;#000000&#8242; background_gradient_color2=&#8217;#ffffff&#8217; background_gradient_color3=\u00bb src=\u00bb src_dynamic=\u00bb background_position=&#8217;top left&#8217; background_repeat=&#8217;no-repeat&#8217; highlight=\u00bb highlight_size=\u00bb fold_overlay_color=\u00bb fold_text_color=\u00bb fold_btn_color=&#8217;theme-color&#8217; fold_btn_bg_color=\u00bb fold_btn_font_color=\u00bb size-btn-text=\u00bb av-desktop-font-size-btn-text=\u00bb av-medium-font-size-btn-text=\u00bb av-small-font-size-btn-text=\u00bb av-mini-font-size-btn-text=\u00bb animation=\u00bb animation_duration=\u00bb animation_custom_bg_color=\u00bb animation_z_index_curtain=&#8217;100&#8242; parallax_parallax=\u00bb parallax_parallax_speed=\u00bb av-desktop-parallax_parallax=\u00bb av-desktop-parallax_parallax_speed=\u00bb av-medium-parallax_parallax=\u00bb av-medium-parallax_parallax_speed=\u00bb av-small-parallax_parallax=\u00bb av-small-parallax_parallax_speed=\u00bb av-mini-parallax_parallax=\u00bb av-mini-parallax_parallax_speed=\u00bb fold_timer=\u00bb z_index_fold=\u00bb css_position=\u00bb css_position_location=\u00bb css_position_z_index=\u00bb av-desktop-css_position=\u00bb av-desktop-css_position_location=\u00bb av-desktop-css_position_z_index=\u00bb av-medium-css_position=\u00bb av-medium-css_position_location=\u00bb av-medium-css_position_z_index=\u00bb av-small-css_position=\u00bb av-small-css_position_location=\u00bb av-small-css_position_z_index=\u00bb av-mini-css_position=\u00bb av-mini-css_position_location=\u00bb av-mini-css_position_z_index=\u00bb link=\u00bb link_dynamic=\u00bb linktarget=\u00bb link_hover=\u00bb title_attr=\u00bb alt_attr=\u00bb mobile_display=\u00bb mobile_col_pos=&#8217;0&#8242; id=\u00bb custom_class=\u00bb template_class=\u00bb aria_label=\u00bb av_uid=&#8217;av-a59lj&#8217; sc_version=&#8217;1.0&#8242;]<\/p>\n<p>[av_button_big label=&#8217;Programa una demostraci\u00f3n&#8217; description_pos=&#8217;below&#8217; icon_select=&#8217;yes-left-icon&#8217; icon=&#8217;ue82b&#8217; font=&#8217;entypo-fontello&#8217; title_attr=\u00bb link=&#8217;manually,https:\/\/thesustainability.network\/es\/?page_id=1525&#8242; link_dynamic=\u00bb link_target=\u00bb size-text=\u00bb av-desktop-font-size-text=\u00bb av-medium-font-size-text=\u00bb av-small-font-size-text=\u00bb av-mini-font-size-text=\u00bb margin=\u00bb margin_sync=&#8217;true&#8217; padding=\u00bb padding_sync=&#8217;true&#8217; av-desktop-margin=\u00bb av-desktop-margin_sync=&#8217;true&#8217; av-desktop-padding=\u00bb av-desktop-padding_sync=&#8217;true&#8217; av-medium-margin=\u00bb av-medium-margin_sync=&#8217;true&#8217; av-medium-padding=\u00bb av-medium-padding_sync=&#8217;true&#8217; av-small-margin=\u00bb av-small-margin_sync=&#8217;true&#8217; av-small-padding=\u00bb av-small-padding_sync=&#8217;true&#8217; av-mini-margin=\u00bb av-mini-margin_sync=&#8217;true&#8217; av-mini-padding=\u00bb av-mini-padding_sync=&#8217;true&#8217; color=&#8217;custom&#8217; btn_custom_grad_direction=&#8217;vertical&#8217; btn_custom_grad_1=&#8217;#000000&#8242; btn_custom_grad_2=&#8217;#ffffff&#8217; btn_custom_grad_3=\u00bb btn_custom_grad_opacity=&#8217;0.7&#8242; custom_bg=&#8217;#0c507d&#8217; color_hover=&#8217;custom&#8217; custom_bg_hover=&#8217;#b2e8ff&#8217; color_font=&#8217;theme-color&#8217; custom_font=&#8217;#&#8217; color_font_hover=&#8217;white&#8217; custom_font_hover=&#8217;#ffffff&#8217; border=\u00bb border_width=\u00bb border_width_sync=&#8217;true&#8217; border_color=\u00bb border_radius=\u00bb border_radius_sync=&#8217;true&#8217; box_shadow=\u00bb box_shadow_style=&#8217;0px,0px,0px,0px&#8217; box_shadow_color=\u00bb hover_opacity=\u00bb sonar_effect_effect=\u00bb sonar_effect_color=\u00bb sonar_effect_duration=&#8217;1&#8242; sonar_effect_scale=\u00bb sonar_effect_opac=&#8217;0.5&#8242; id=\u00bb custom_class=\u00bb template_class=\u00bb av_uid=&#8217;av-lzzrcfys&#8217; sc_version=&#8217;1.0&#8242; admin_preview_bg=\u00bb][\/av_button_big]<\/p>\n<p>[\/av_one_full]<\/p>\n","protected":false},"excerpt":{"rendered":"<p>[av_section min_height=&#8217;25&#8217; min_height_pc=&#8217;25&#8217; min_height_px=&#8217;630px&#8217; shadow=&#8217;no-border-styling&#8217; bottom_border=&#8217;no-border-styling&#8217; bottom_border_diagonal_color=&#8217;#333333&#8242; bottom_border_diagonal_direction=\u00bb bottom_border_style=\u00bb padding=&#8217;default&#8217; custom_margin=&#8217;0px&#8217; custom_margin_sync=&#8217;true&#8217; av-desktop-custom_margin=\u00bb av-desktop-custom_margin_sync=&#8217;true&#8217; av-medium-custom_margin=\u00bb av-medium-custom_margin_sync=&#8217;true&#8217; av-small-custom_margin=\u00bb av-small-custom_margin_sync=&#8217;true&#8217; av-mini-custom_margin=\u00bb av-mini-custom_margin_sync=&#8217;true&#8217; svg_div_top=\u00bb svg_div_top_color=&#8217;#333333&#8242; svg_div_top_width=&#8217;100&#8242; svg_div_top_height=&#8217;50&#8217; svg_div_top_max_height=&#8217;none&#8217; svg_div_top_opacity=\u00bb svg_div_bottom=\u00bb svg_div_bottom_color=&#8217;#333333&#8242; svg_div_bottom_width=&#8217;100&#8242; svg_div_bottom_height=&#8217;50&#8217; svg_div_bottom_max_height=&#8217;none&#8217; svg_div_bottom_opacity=\u00bb fold_type=\u00bb fold_height=\u00bb fold_more=&#8217;Read more&#8217; fold_less=&#8217;Read less&#8217; fold_text_style=\u00bb fold_btn_align=\u00bb color=&#8217;main_color&#8217; background=&#8217;bg_color&#8217; custom_bg=\u00bb background_gradient_direction=&#8217;vertical&#8217; background_gradient_color1=&#8217;#000000&#8242; background_gradient_color2=&#8217;#ffffff&#8217; background_gradient_color3=\u00bb src=&#8217;https:\/\/thesustainability.network\/wp\/wp-content\/uploads\/2024\/08\/solutions-in-header.jpg&#8217; attachment=&#8217;979&#8242; attachment_size=&#8217;full&#8217; src_dynamic=\u00bb attach=&#8217;parallax&#8217; position=&#8217;center center&#8217; repeat=&#8217;stretch&#8217; [&hellip;]<\/p>\n","protected":false},"author":1,"featured_media":0,"parent":0,"menu_order":0,"comment_status":"closed","ping_status":"closed","template":"page-solutions.php","meta":{"footnotes":""},"class_list":["post-1841","page","type-page","status-publish","hentry"],"_links":{"self":[{"href":"https:\/\/thesustainability.network\/es\/wp-json\/wp\/v2\/pages\/1841","targetHints":{"allow":["GET"]}}],"collection":[{"href":"https:\/\/thesustainability.network\/es\/wp-json\/wp\/v2\/pages"}],"about":[{"href":"https:\/\/thesustainability.network\/es\/wp-json\/wp\/v2\/types\/page"}],"author":[{"embeddable":true,"href":"https:\/\/thesustainability.network\/es\/wp-json\/wp\/v2\/users\/1"}],"replies":[{"embeddable":true,"href":"https:\/\/thesustainability.network\/es\/wp-json\/wp\/v2\/comments?post=1841"}],"version-history":[{"count":5,"href":"https:\/\/thesustainability.network\/es\/wp-json\/wp\/v2\/pages\/1841\/revisions"}],"predecessor-version":[{"id":1983,"href":"https:\/\/thesustainability.network\/es\/wp-json\/wp\/v2\/pages\/1841\/revisions\/1983"}],"wp:attachment":[{"href":"https:\/\/thesustainability.network\/es\/wp-json\/wp\/v2\/media?parent=1841"}],"curies":[{"name":"wp","href":"https:\/\/api.w.org\/{rel}","templated":true}]}}